{"id":470,"date":"2022-06-16T10:58:24","date_gmt":"2022-06-16T10:58:24","guid":{"rendered":"https:\/\/enwoo-demos.com\/free-demo-5\/?page_id=470"},"modified":"2023-03-25T18:49:43","modified_gmt":"2023-03-25T18:49:43","slug":"home-free-6","status":"publish","type":"page","link":"https:\/\/impordoc.com\/","title":{"rendered":"Home Free #6"},"content":{"rendered":"\n<div class=\"wp-block-cover alignfull is-repeated\" style=\"padding-top:15px;padding-right:15px;padding-bottom:15px;padding-left:15px;min-height:850px;aspect-ratio:unset;\"><span aria-hidden=\"true\" class=\"wp-block-cover__background has-black-background-color has-background-dim-70 has-background-dim\"><\/span><div role=\"img\" class=\"wp-block-cover__image-background wp-image-696 is-repeated\" style=\"background-position:50% 50%;background-image:url(https:\/\/impordoc.com\/wp-content\/uploads\/2023\/03\/WhatsApp-Image-2023-03-13-at-19.18.16-1.jpeg)\"><\/div><div class=\"wp-block-cover__inner-container is-layout-flow wp-block-cover-is-layout-flow\">\n<p class=\"has-text-align-center has-large-font-size\"><\/p>\n<\/div><\/div>\n\n\n\n<div class=\"wp-block-group alignfull\"><div class=\"wp-block-group__inner-container is-layout-constrained wp-block-group-is-layout-constrained\">\n<div class=\"wp-block-group alignfull\"><div class=\"wp-block-group__inner-container is-layout-constrained wp-block-group-is-layout-constrained\">\n<div class=\"wp-block-columns is-layout-flex wp-container-core-columns-is-layout-9d6595d7 wp-block-columns-is-layout-flex\">\n<div class=\"wp-block-column is-layout-flow wp-block-column-is-layout-flow\" style=\"flex-basis:100%\">\n<div style=\"height:30px\" aria-hidden=\"true\" class=\"wp-block-spacer\"><\/div>\n\n\n\n<div class=\"wp-block-group alignfull\"><div class=\"wp-block-group__inner-container is-layout-constrained wp-container-core-group-is-layout-39ce995c wp-block-group-is-layout-constrained\">\n<div class=\"wp-block-columns is-layout-flex wp-container-core-columns-is-layout-9d6595d7 wp-block-columns-is-layout-flex\">\n<div class=\"wp-block-column is-vertically-aligned-center is-layout-flow wp-block-column-is-layout-flow\" style=\"flex-basis:50%\">\n<h2 class=\"has-ext-large-font-size wp-block-heading\" id=\"a-small-heading\">Servi\u00e7os<\/h2>\n\n\n\n<p class=\"ext-mt-0 has-medium-font-size\">Registo Autom\u00f3vel<\/p>\n\n\n\n<p>Chapas de Matricula<\/p>\n\n\n\n<p>Legaliza\u00e7\u00f5es de matr\u00edculas estrangeiras<\/p>\n\n\n\n<div class=\"wp-block-buttons is-layout-flex wp-block-buttons-is-layout-flex\"><\/div>\n<\/div>\n\n\n\n<div class=\"wp-block-column is-vertically-aligned-center is-layout-flow wp-block-column-is-layout-flow\" style=\"flex-basis:50%\">\n<figure class=\"wp-block-image size-large\"><img loading=\"lazy\" decoding=\"async\" width=\"707\" height=\"1024\" src=\"https:\/\/impordoc.com\/wp-content\/uploads\/2023\/03\/WhatsApp-Image-2023-03-13-at-19.18.16-2-707x1024.jpeg\" alt=\"\" class=\"wp-image-697\" srcset=\"https:\/\/impordoc.com\/wp-content\/uploads\/2023\/03\/WhatsApp-Image-2023-03-13-at-19.18.16-2-707x1024.jpeg 707w, https:\/\/impordoc.com\/wp-content\/uploads\/2023\/03\/WhatsApp-Image-2023-03-13-at-19.18.16-2-207x300.jpeg 207w, https:\/\/impordoc.com\/wp-content\/uploads\/2023\/03\/WhatsApp-Image-2023-03-13-at-19.18.16-2-768x1113.jpeg 768w, https:\/\/impordoc.com\/wp-content\/uploads\/2023\/03\/WhatsApp-Image-2023-03-13-at-19.18.16-2-1060x1536.jpeg 1060w, https:\/\/impordoc.com\/wp-content\/uploads\/2023\/03\/WhatsApp-Image-2023-03-13-at-19.18.16-2.jpeg 1104w\" sizes=\"auto, (max-width: 707px) 100vw, 707px\" \/><\/figure>\n<\/div>\n<\/div>\n<\/div><\/div>\n<\/div>\n<\/div>\n<\/div><\/div>\n<\/div><\/div>\n\n\n\n<div style=\"height:50px\" aria-hidden=\"true\" class=\"wp-block-spacer\"><\/div>\n\n\n\n<div style=\"height:50px\" aria-hidden=\"true\" class=\"wp-block-spacer\"><\/div>\n\n\n\n<div class=\"wp-block-columns is-layout-flex wp-container-core-columns-is-layout-4d2ec4c1 wp-block-columns-is-layout-flex\" style=\"padding-bottom:30px\">\n<div class=\"wp-block-column is-layout-flow wp-block-column-is-layout-flow\">\n<h2 class=\"has-text-align-center has-black-color has-text-color has-large-font-size wp-block-heading\" style=\"margin-top:0px;margin-right:0px;margin-bottom:0px;margin-left:0px;font-style:normal;font-weight:700\">.Meet our team.<\/h2>\n\n\n\n<p class=\"has-text-align-center has-text-color\" style=\"color:#666666;font-size:16px;font-style:normal;font-weight:400;line-height:1.6\">Nam quam nunc, blandit vel, luctus pulvinar, hendrerit id, lorem. Vestibulum dapibus nunc ac augue.<\/p>\n<\/div>\n<\/div>\n\n\n\n<div class=\"wp-block-columns is-layout-flex wp-container-core-columns-is-layout-9d6595d7 wp-block-columns-is-layout-flex\">\n<div class=\"wp-block-column has-white-background-color has-background is-layout-flow wp-block-column-is-layout-flow\" style=\"padding-top:15px;padding-right:15px;padding-bottom:15px;padding-left:15px\">\n<figure class=\"wp-block-image size-full\"><img decoding=\"async\" src=\"https:\/\/pd.w.org\/2021\/12\/67761b1e1e369a0c5.15366783.jpeg\" alt=\"\"\/><\/figure>\n\n\n\n<h2 class=\"has-text-color wp-block-heading\" style=\"color:#0b1625;margin-bottom:10px;font-size:24px;font-style:normal;font-weight:500\">Phoenix Baker<\/h2>\n\n\n\n<h2 class=\"has-text-color wp-block-heading\" style=\"color:#626262;margin-top:0px;margin-right:0px;margin-bottom:0px;margin-left:0px;font-size:18px;font-style:normal;font-weight:500\">Founder &amp; CEO<\/h2>\n<\/div>\n\n\n\n<div class=\"wp-block-column has-white-background-color has-background is-layout-flow wp-block-column-is-layout-flow\" style=\"padding-top:15px;padding-right:15px;padding-bottom:15px;padding-left:15px\">\n<figure class=\"wp-block-image size-full is-style-default\"><img decoding=\"async\" src=\"https:\/\/drscdn.500px.org\/photo\/180822421\/m%3D1080_k%3D1_a%3D1\/f20fc3c16b538f5e2cee2c476337f657\" alt=\"\"\/><\/figure>\n\n\n\n<h2 class=\"has-text-color wp-block-heading\" style=\"color:#0b1625;margin-bottom:10px;font-size:24px;font-style:normal;font-weight:500\">Lana Steiner<\/h2>\n\n\n\n<h2 class=\"has-text-color wp-block-heading\" style=\"color:#626262;margin-top:0px;margin-right:0px;margin-bottom:0px;margin-left:0px;font-size:18px;font-style:normal;font-weight:500\">Product Manager<\/h2>\n<\/div>\n\n\n\n<div class=\"wp-block-column has-white-background-color has-background is-layout-flow wp-block-column-is-layout-flow\" style=\"padding-top:15px;padding-right:15px;padding-bottom:15px;padding-left:15px\">\n<figure class=\"wp-block-image size-full\"><img decoding=\"async\" src=\"https:\/\/pd.w.org\/2021\/12\/67761b1e1e369a0c5.15366783.jpeg\" alt=\"\"\/><\/figure>\n\n\n\n<h2 class=\"has-text-color wp-block-heading\" style=\"color:#0b1625;margin-bottom:10px;font-size:24px;font-style:normal;font-weight:500\">Demi Wikinson<\/h2>\n\n\n\n<h2 class=\"has-text-color wp-block-heading\" style=\"color:#626262;margin-top:0px;margin-right:0px;margin-bottom:0px;margin-left:0px;font-size:18px;font-style:normal;font-weight:500\">Sr Developer<\/h2>\n<\/div>\n<\/div>\n\n\n\n<div style=\"height:50px\" aria-hidden=\"true\" class=\"wp-block-spacer\"><\/div>\n\n\n\n<div class=\"wp-block-group alignfull has-white-color has-text-color has-background has-black-background-color\"><div class=\"wp-block-group__inner-container is-layout-flow wp-block-group-is-layout-flow\">\n<div style=\"height:40px\" aria-hidden=\"true\" class=\"wp-block-spacer\"><\/div>\n\n\n\n<div class=\"wp-block-columns alignwide are-vertically-aligned-top is-layout-flex wp-container-core-columns-is-layout-9d6595d7 wp-block-columns-is-layout-flex\">\n<div class=\"wp-block-column is-vertically-aligned-top is-layout-flow wp-block-column-is-layout-flow\" style=\"flex-basis:25%\">\n<h2 class=\"has-white-color has-text-color wp-block-heading\">LOGO<\/h2>\n<\/div>\n\n\n\n<div class=\"wp-block-column is-vertically-aligned-top is-layout-flow wp-block-column-is-layout-flow\" style=\"flex-basis:24.4%\">\n<h5 class=\"has-white-color has-text-color has-medium-font-size wp-block-heading\"><strong>Links<\/strong><\/h5>\n\n\n\n<p>Home<\/p>\n\n\n\n<p>About<\/p>\n\n\n\n<p>Services<\/p>\n\n\n\n<p class=\"has-white-color has-text-color\">Contactos<\/p>\n<\/div>\n\n\n\n<div class=\"wp-block-column is-vertically-aligned-top is-layout-flow wp-block-column-is-layout-flow\" style=\"flex-basis:50%\">\n<h5 class=\"has-white-color has-text-color has-medium-font-size wp-block-heading\">Morada<\/h5>\n\n\n\n<p>Rua do Padr\u00e3o, n\u00ba 198, LojaB, Coimbra<\/p>\n\n\n\n<p>Portugal 3000 &#8211; 312<\/p>\n\n\n\n<p><\/p>\n\n\n\n<h5 class=\"has-white-color has-text-color has-medium-font-size wp-block-heading\">Find us on the web<\/h5>\n\n\n\n<ul class=\"wp-block-social-links has-normal-icon-size has-icon-color is-style-logos-only is-layout-flex wp-block-social-links-is-layout-flex\"><li style=\"color:#ffffff;\" class=\"wp-social-link wp-social-link-facebook has-white-color wp-block-social-link\"><a href=\"https:\/\/www.facebook.com\/profile.php?id=100063624276613\" class=\"wp-block-social-link-anchor\"><svg width=\"24\" height=\"24\" viewBox=\"0 0 24 24\" version=\"1.1\" xmlns=\"http:\/\/www.w3.org\/2000\/svg\" aria-hidden=\"true\" focusable=\"false\"><path d=\"M12 2C6.5 2 2 6.5 2 12c0 5 3.7 9.1 8.4 9.9v-7H7.9V12h2.5V9.8c0-2.5 1.5-3.9 3.8-3.9 1.1 0 2.2.2 2.2.2v2.5h-1.3c-1.2 0-1.6.8-1.6 1.6V12h2.8l-.4 2.9h-2.3v7C18.3 21.1 22 17 22 12c0-5.5-4.5-10-10-10z\"><\/path><\/svg><span class=\"wp-block-social-link-label screen-reader-text\">Facebook<\/span><\/a><\/li>\n\n<li style=\"color:#ffffff;\" class=\"wp-social-link wp-social-link-twitter has-white-color wp-block-social-link\"><a href=\"#\" class=\"wp-block-social-link-anchor\"><svg width=\"24\" height=\"24\" viewBox=\"0 0 24 24\" version=\"1.1\" xmlns=\"http:\/\/www.w3.org\/2000\/svg\" aria-hidden=\"true\" focusable=\"false\"><path d=\"M22.23,5.924c-0.736,0.326-1.527,0.547-2.357,0.646c0.847-0.508,1.498-1.312,1.804-2.27 c-0.793,0.47-1.671,0.812-2.606,0.996C18.324,4.498,17.257,4,16.077,4c-2.266,0-4.103,1.837-4.103,4.103 c0,0.322,0.036,0.635,0.106,0.935C8.67,8.867,5.647,7.234,3.623,4.751C3.27,5.357,3.067,6.062,3.067,6.814 c0,1.424,0.724,2.679,1.825,3.415c-0.673-0.021-1.305-0.206-1.859-0.513c0,0.017,0,0.034,0,0.052c0,1.988,1.414,3.647,3.292,4.023 c-0.344,0.094-0.707,0.144-1.081,0.144c-0.264,0-0.521-0.026-0.772-0.074c0.522,1.63,2.038,2.816,3.833,2.85 c-1.404,1.1-3.174,1.756-5.096,1.756c-0.331,0-0.658-0.019-0.979-0.057c1.816,1.164,3.973,1.843,6.29,1.843 c7.547,0,11.675-6.252,11.675-11.675c0-0.178-0.004-0.355-0.012-0.531C20.985,7.47,21.68,6.747,22.23,5.924z\"><\/path><\/svg><span class=\"wp-block-social-link-label screen-reader-text\">Twitter<\/span><\/a><\/li>\n\n<li style=\"color:#ffffff;\" class=\"wp-social-link wp-social-link-instagram has-white-color wp-block-social-link\"><a href=\"https:\/\/www.instagram.com\/\" class=\"wp-block-social-link-anchor\"><svg width=\"24\" height=\"24\" viewBox=\"0 0 24 24\" version=\"1.1\" xmlns=\"http:\/\/www.w3.org\/2000\/svg\" aria-hidden=\"true\" focusable=\"false\"><path d=\"M12,4.622c2.403,0,2.688,0.009,3.637,0.052c0.877,0.04,1.354,0.187,1.671,0.31c0.42,0.163,0.72,0.358,1.035,0.673 c0.315,0.315,0.51,0.615,0.673,1.035c0.123,0.317,0.27,0.794,0.31,1.671c0.043,0.949,0.052,1.234,0.052,3.637 s-0.009,2.688-0.052,3.637c-0.04,0.877-0.187,1.354-0.31,1.671c-0.163,0.42-0.358,0.72-0.673,1.035 c-0.315,0.315-0.615,0.51-1.035,0.673c-0.317,0.123-0.794,0.27-1.671,0.31c-0.949,0.043-1.233,0.052-3.637,0.052 s-2.688-0.009-3.637-0.052c-0.877-0.04-1.354-0.187-1.671-0.31c-0.42-0.163-0.72-0.358-1.035-0.673 c-0.315-0.315-0.51-0.615-0.673-1.035c-0.123-0.317-0.27-0.794-0.31-1.671C4.631,14.688,4.622,14.403,4.622,12 s0.009-2.688,0.052-3.637c0.04-0.877,0.187-1.354,0.31-1.671c0.163-0.42,0.358-0.72,0.673-1.035 c0.315-0.315,0.615-0.51,1.035-0.673c0.317-0.123,0.794-0.27,1.671-0.31C9.312,4.631,9.597,4.622,12,4.622 M12,3 C9.556,3,9.249,3.01,8.289,3.054C7.331,3.098,6.677,3.25,6.105,3.472C5.513,3.702,5.011,4.01,4.511,4.511 c-0.5,0.5-0.808,1.002-1.038,1.594C3.25,6.677,3.098,7.331,3.054,8.289C3.01,9.249,3,9.556,3,12c0,2.444,0.01,2.751,0.054,3.711 c0.044,0.958,0.196,1.612,0.418,2.185c0.23,0.592,0.538,1.094,1.038,1.594c0.5,0.5,1.002,0.808,1.594,1.038 c0.572,0.222,1.227,0.375,2.185,0.418C9.249,20.99,9.556,21,12,21s2.751-0.01,3.711-0.054c0.958-0.044,1.612-0.196,2.185-0.418 c0.592-0.23,1.094-0.538,1.594-1.038c0.5-0.5,0.808-1.002,1.038-1.594c0.222-0.572,0.375-1.227,0.418-2.185 C20.99,14.751,21,14.444,21,12s-0.01-2.751-0.054-3.711c-0.044-0.958-0.196-1.612-0.418-2.185c-0.23-0.592-0.538-1.094-1.038-1.594 c-0.5-0.5-1.002-0.808-1.594-1.038c-0.572-0.222-1.227-0.375-2.185-0.418C14.751,3.01,14.444,3,12,3L12,3z M12,7.378 c-2.552,0-4.622,2.069-4.622,4.622S9.448,16.622,12,16.622s4.622-2.069,4.622-4.622S14.552,7.378,12,7.378z M12,15 c-1.657,0-3-1.343-3-3s1.343-3,3-3s3,1.343,3,3S13.657,15,12,15z M16.804,6.116c-0.596,0-1.08,0.484-1.08,1.08 s0.484,1.08,1.08,1.08c0.596,0,1.08-0.484,1.08-1.08S17.401,6.116,16.804,6.116z\"><\/path><\/svg><span class=\"wp-block-social-link-label screen-reader-text\">Instagram<\/span><\/a><\/li><\/ul>\n<\/div>\n<\/div>\n\n\n\n<div class=\"wp-block-group\"><div class=\"wp-block-group__inner-container is-layout-flow wp-block-group-is-layout-flow\"><\/div><\/div>\n\n\n\n<div style=\"height:30px\" aria-hidden=\"true\" class=\"wp-block-spacer\"><\/div>\n<\/div><\/div>\n","protected":false},"excerpt":{"rendered":"<p>Servi\u00e7os Registo Autom\u00f3vel Chapas de Matricula Legaliza\u00e7\u00f5es de matr\u00edculas estrangeiras .Meet our team. Nam quam nunc, blandit vel, luctus pulvinar, hendrerit id, lorem. Vestibulum dapibus nunc ac augue. Phoenix Baker Founder &amp; CEO Lana Steiner Product Manager Demi Wikinson Sr Developer LOGO Links Home About Services Contactos Morada Rua do Padr\u00e3o, n\u00ba 198, LojaB, Coimbra Portugal 3000 &#8211; 312 Find us on the web<\/p>\n","protected":false},"author":1,"featured_media":0,"parent":0,"menu_order":0,"comment_status":"closed","ping_status":"closed","template":"","meta":{"footnotes":""},"class_list":["post-470","page","type-page","status-publish","hentry"],"_links":{"self":[{"href":"https:\/\/impordoc.com\/index.php?rest_route=\/wp\/v2\/pages\/470","targetHints":{"allow":["GET"]}}],"collection":[{"href":"https:\/\/impordoc.com\/index.php?rest_route=\/wp\/v2\/pages"}],"about":[{"href":"https:\/\/impordoc.com\/index.php?rest_route=\/wp\/v2\/types\/page"}],"author":[{"embeddable":true,"href":"https:\/\/impordoc.com\/index.php?rest_route=\/wp\/v2\/users\/1"}],"replies":[{"embeddable":true,"href":"https:\/\/impordoc.com\/index.php?rest_route=%2Fwp%2Fv2%2Fcomments&post=470"}],"version-history":[{"count":14,"href":"https:\/\/impordoc.com\/index.php?rest_route=\/wp\/v2\/pages\/470\/revisions"}],"predecessor-version":[{"id":730,"href":"https:\/\/impordoc.com\/index.php?rest_route=\/wp\/v2\/pages\/470\/revisions\/730"}],"wp:attachment":[{"href":"https:\/\/impordoc.com\/index.php?rest_route=%2Fwp%2Fv2%2Fmedia&parent=470"}],"curies":[{"name":"wp","href":"https:\/\/api.w.org\/{rel}","templated":true}]}}